{"id":7146,"date":"2020-06-14T11:04:13","date_gmt":"2020-06-14T09:04:13","guid":{"rendered":"https:\/\/romagastronomica.com\/?page_id=7146"},"modified":"2022-04-19T12:03:28","modified_gmt":"2022-04-19T10:03:28","slug":"italy-private-tours","status":"publish","type":"page","link":"https:\/\/romagastronomica.com\/en\/italy-private-tours\/","title":{"rendered":"Travel Planning Italy"},"content":{"rendered":"<div id=\"cs-content\" class=\"cs-content\"><\/div>\n","protected":false},"excerpt":{"rendered":"<p>Travel design Italy We design travels to discover and taste the most authentic and delicious ItalyUnique food experiences Visits to cultural and emblematic places Boutique service Official Tour guides Personalized travel design and program Accommodation &amp; transport advice Live the best and most original vacations of your life! Come and discover the most authentic and tastiest Italy. Meet the local &#8230;<\/p>\n","protected":false},"author":11,"featured_media":0,"parent":0,"menu_order":0,"comment_status":"closed","ping_status":"closed","template":"template-layout-content-sidebar.php","meta":{"footnotes":""},"class_list":["post-7146","page","type-page","status-publish","hentry","no-post-thumbnail"],"yoast_head":"<!-- This site is optimized with the Yoast SEO plugin v25.2 - https:\/\/yoast.com\/wordpress\/plugins\/seo\/ -->\n<title>Travel Planning Italy &#8211; Roma Gastron\u00f3mica<\/title>\n<meta name=\"description\" content=\"Este tour gastron\u00f3mico te permite conocer lugares emblem\u00e1ticos de Roma mientras te deleitas con la mejor gastronom\u00eda local y excelentes vinos italiano.\" \/>\n<meta name=\"robots\" content=\"index, follow, max-snippet:-1, max-image-preview:large, max-video-preview:-1\" \/>\n<link rel=\"canonical\" href=\"https:\/\/romagastronomica.com\/en\/italy-private-tours\/\" \/>\n<meta property=\"og:locale\" content=\"en_US\" \/>\n<meta property=\"og:type\" content=\"article\" \/>\n<meta property=\"og:title\" content=\"Travel Planning Italy &#8211; Roma Gastron\u00f3mica\" \/>\n<meta property=\"og:description\" content=\"Este tour gastron\u00f3mico te permite conocer lugares emblem\u00e1ticos de Roma mientras te deleitas con la mejor gastronom\u00eda local y excelentes vinos italiano.\" \/>\n<meta property=\"og:url\" content=\"https:\/\/romagastronomica.com\/en\/italy-private-tours\/\" \/>\n<meta property=\"og:site_name\" content=\"Roma Gastron\u00f3mica\" \/>\n<meta property=\"article:publisher\" content=\"https:\/\/www.facebook.com\/roma.gastronomica\" \/>\n<meta property=\"article:modified_time\" content=\"2022-04-19T10:03:28+00:00\" \/>\n<meta property=\"og:image\" content=\"https:\/\/romagastronomica.com\/wp-content\/uploads\/2020\/06\/13.jpg\" \/>\n<meta name=\"twitter:card\" content=\"summary_large_image\" \/>\n<meta name=\"twitter:site\" content=\"@romagastronomik\" \/>\n<meta name=\"twitter:label1\" content=\"Est. reading time\" \/>\n\t<meta name=\"twitter:data1\" content=\"7 minutes\" \/>\n<script type=\"application\/ld+json\" class=\"yoast-schema-graph\">{\"@context\":\"https:\/\/schema.org\",\"@graph\":[{\"@type\":\"WebPage\",\"@id\":\"https:\/\/romagastronomica.com\/en\/italy-private-tours\/\",\"url\":\"https:\/\/romagastronomica.com\/en\/italy-private-tours\/\",\"name\":\"Travel Planning Italy &#8211; Roma Gastron\u00f3mica\",\"isPartOf\":{\"@id\":\"https:\/\/romagastronomica.com\/en\/#website\"},\"primaryImageOfPage\":{\"@id\":\"https:\/\/romagastronomica.com\/en\/italy-private-tours\/#primaryimage\"},\"image\":{\"@id\":\"https:\/\/romagastronomica.com\/en\/italy-private-tours\/#primaryimage\"},\"thumbnailUrl\":\"https:\/\/romagastronomica.com\/wp-content\/uploads\/2020\/06\/13.jpg\",\"datePublished\":\"2020-06-14T09:04:13+00:00\",\"dateModified\":\"2022-04-19T10:03:28+00:00\",\"description\":\"Este tour gastron\u00f3mico te permite conocer lugares emblem\u00e1ticos de Roma mientras te deleitas con la mejor gastronom\u00eda local y excelentes vinos italiano.\",\"breadcrumb\":{\"@id\":\"https:\/\/romagastronomica.com\/en\/italy-private-tours\/#breadcrumb\"},\"inLanguage\":\"en-US\",\"potentialAction\":[{\"@type\":\"ReadAction\",\"target\":[\"https:\/\/romagastronomica.com\/en\/italy-private-tours\/\"]}]},{\"@type\":\"ImageObject\",\"inLanguage\":\"en-US\",\"@id\":\"https:\/\/romagastronomica.com\/en\/italy-private-tours\/#primaryimage\",\"url\":\"https:\/\/romagastronomica.com\/wp-content\/uploads\/2020\/06\/13.jpg\",\"contentUrl\":\"https:\/\/romagastronomica.com\/wp-content\/uploads\/2020\/06\/13.jpg\"},{\"@type\":\"BreadcrumbList\",\"@id\":\"https:\/\/romagastronomica.com\/en\/italy-private-tours\/#breadcrumb\",\"itemListElement\":[{\"@type\":\"ListItem\",\"position\":1,\"name\":\"Portada\",\"item\":\"https:\/\/romagastronomica.com\/en\/food-in-italy\/\"},{\"@type\":\"ListItem\",\"position\":2,\"name\":\"Travel Planning Italy\"}]},{\"@type\":\"WebSite\",\"@id\":\"https:\/\/romagastronomica.com\/en\/#website\",\"url\":\"https:\/\/romagastronomica.com\/en\/\",\"name\":\"Roma Gastron\u00f3mica\",\"description\":\"Bienvenido a Roma Gastron\u00f3mica, especialistas en tours gastron\u00f3micos y experiencias gourmet en Roma.\",\"potentialAction\":[{\"@type\":\"SearchAction\",\"target\":{\"@type\":\"EntryPoint\",\"urlTemplate\":\"https:\/\/romagastronomica.com\/en\/?s={search_term_string}\"},\"query-input\":{\"@type\":\"PropertyValueSpecification\",\"valueRequired\":true,\"valueName\":\"search_term_string\"}}],\"inLanguage\":\"en-US\"}]}<\/script>\n<!-- \/ Yoast SEO plugin. -->","yoast_head_json":{"title":"Travel Planning Italy &#8211; Roma Gastron\u00f3mica","description":"Este tour gastron\u00f3mico te permite conocer lugares emblem\u00e1ticos de Roma mientras te deleitas con la mejor gastronom\u00eda local y excelentes vinos italiano.","robots":{"index":"index","follow":"follow","max-snippet":"max-snippet:-1","max-image-preview":"max-image-preview:large","max-video-preview":"max-video-preview:-1"},"canonical":"https:\/\/romagastronomica.com\/en\/italy-private-tours\/","og_locale":"en_US","og_type":"article","og_title":"Travel Planning Italy &#8211; Roma Gastron\u00f3mica","og_description":"Este tour gastron\u00f3mico te permite conocer lugares emblem\u00e1ticos de Roma mientras te deleitas con la mejor gastronom\u00eda local y excelentes vinos italiano.","og_url":"https:\/\/romagastronomica.com\/en\/italy-private-tours\/","og_site_name":"Roma Gastron\u00f3mica","article_publisher":"https:\/\/www.facebook.com\/roma.gastronomica","article_modified_time":"2022-04-19T10:03:28+00:00","og_image":[{"url":"https:\/\/romagastronomica.com\/wp-content\/uploads\/2020\/06\/13.jpg","type":"","width":"","height":""}],"twitter_card":"summary_large_image","twitter_site":"@romagastronomik","twitter_misc":{"Est. reading time":"7 minutes"},"schema":{"@context":"https:\/\/schema.org","@graph":[{"@type":"WebPage","@id":"https:\/\/romagastronomica.com\/en\/italy-private-tours\/","url":"https:\/\/romagastronomica.com\/en\/italy-private-tours\/","name":"Travel Planning Italy &#8211; Roma Gastron\u00f3mica","isPartOf":{"@id":"https:\/\/romagastronomica.com\/en\/#website"},"primaryImageOfPage":{"@id":"https:\/\/romagastronomica.com\/en\/italy-private-tours\/#primaryimage"},"image":{"@id":"https:\/\/romagastronomica.com\/en\/italy-private-tours\/#primaryimage"},"thumbnailUrl":"https:\/\/romagastronomica.com\/wp-content\/uploads\/2020\/06\/13.jpg","datePublished":"2020-06-14T09:04:13+00:00","dateModified":"2022-04-19T10:03:28+00:00","description":"Este tour gastron\u00f3mico te permite conocer lugares emblem\u00e1ticos de Roma mientras te deleitas con la mejor gastronom\u00eda local y excelentes vinos italiano.","breadcrumb":{"@id":"https:\/\/romagastronomica.com\/en\/italy-private-tours\/#breadcrumb"},"inLanguage":"en-US","potentialAction":[{"@type":"ReadAction","target":["https:\/\/romagastronomica.com\/en\/italy-private-tours\/"]}]},{"@type":"ImageObject","inLanguage":"en-US","@id":"https:\/\/romagastronomica.com\/en\/italy-private-tours\/#primaryimage","url":"https:\/\/romagastronomica.com\/wp-content\/uploads\/2020\/06\/13.jpg","contentUrl":"https:\/\/romagastronomica.com\/wp-content\/uploads\/2020\/06\/13.jpg"},{"@type":"BreadcrumbList","@id":"https:\/\/romagastronomica.com\/en\/italy-private-tours\/#breadcrumb","itemListElement":[{"@type":"ListItem","position":1,"name":"Portada","item":"https:\/\/romagastronomica.com\/en\/food-in-italy\/"},{"@type":"ListItem","position":2,"name":"Travel Planning Italy"}]},{"@type":"WebSite","@id":"https:\/\/romagastronomica.com\/en\/#website","url":"https:\/\/romagastronomica.com\/en\/","name":"Roma Gastron\u00f3mica","description":"Bienvenido a Roma Gastron\u00f3mica, especialistas en tours gastron\u00f3micos y experiencias gourmet en Roma.","potentialAction":[{"@type":"SearchAction","target":{"@type":"EntryPoint","urlTemplate":"https:\/\/romagastronomica.com\/en\/?s={search_term_string}"},"query-input":{"@type":"PropertyValueSpecification","valueRequired":true,"valueName":"search_term_string"}}],"inLanguage":"en-US"}]}},"amp_enabled":true,"_links":{"self":[{"href":"https:\/\/romagastronomica.com\/en\/wp-json\/wp\/v2\/pages\/7146","targetHints":{"allow":["GET"]}}],"collection":[{"href":"https:\/\/romagastronomica.com\/en\/wp-json\/wp\/v2\/pages"}],"about":[{"href":"https:\/\/romagastronomica.com\/en\/wp-json\/wp\/v2\/types\/page"}],"author":[{"embeddable":true,"href":"https:\/\/romagastronomica.com\/en\/wp-json\/wp\/v2\/users\/11"}],"replies":[{"embeddable":true,"href":"https:\/\/romagastronomica.com\/en\/wp-json\/wp\/v2\/comments?post=7146"}],"version-history":[{"count":35,"href":"https:\/\/romagastronomica.com\/en\/wp-json\/wp\/v2\/pages\/7146\/revisions"}],"predecessor-version":[{"id":10108,"href":"https:\/\/romagastronomica.com\/en\/wp-json\/wp\/v2\/pages\/7146\/revisions\/10108"}],"wp:attachment":[{"href":"https:\/\/romagastronomica.com\/en\/wp-json\/wp\/v2\/media?parent=7146"}],"curies":[{"name":"wp","href":"https:\/\/api.w.org\/{rel}","templated":true}]}}