{"id":6774,"date":"2019-11-24T17:58:43","date_gmt":"2019-11-24T16:58:43","guid":{"rendered":"https:\/\/romagastronomica.com\/legal-information\/"},"modified":"2020-06-16T15:55:43","modified_gmt":"2020-06-16T13:55:43","slug":"legal-information","status":"publish","type":"page","link":"https:\/\/romagastronomica.com\/en\/legal-information\/","title":{"rendered":"Legal Information"},"content":{"rendered":"\n<h2 class=\"wp-block-heading\">TERMS &amp; CONDITIONS<\/h2>\n\n\n\n<h4 class=\"wp-block-heading\">Reservations<\/h4>\n\n\n\n<p>Reservations are available through our website, email (contacto@romagatronomica.com), phone or WhatsApp number (+39 344 250 2398). Payment can be made a few minutes before starting the tour, Paypal or bank transfer. In order to confirm the booking through our website, you will be required to make a 20% down payment. <\/p>\n\n\n\n<p><strong>Cancellation Policy<\/strong><strong> <\/strong><\/p>\n\n\n\n<p>We offer a full refund if the reservation is canceled up to 48 hours before the scheduled departure time. <\/p>\n\n\n\n<p><strong>Privacy Policy<\/strong><strong> <\/strong><\/p>\n\n\n\n<p>The data we required during the booking process will be used exclusively to complete the Roma Gastron\u00f3mica reservation and will not be released to third parties. <\/p>\n\n\n\n<p><strong>Meeting Point<\/strong><strong> <\/strong><\/p>\n\n\n\n<p>The meeting point of the food tour in Rome is the main entrance of Teatro\nMarcello located in Via del Teatro di Marcello,\n00186 Roma RM (a few meters from Antico Caff\u00e8 del Teatro di\nMarcello). Please arrive at least 5 minutes prior to the departure time. <\/p>\n\n\n\n<p>Regarding the food trips in Italy, depending on the services you have\nrequired, the travel agency will let you know which will be the meeting point.\nWe work with TKP travel agencies network.<\/p>\n\n\n\n<p><strong>Participants<\/strong><strong> <\/strong><\/p>\n\n\n\n<p>The is no minimum\/maximum age to participate in our activities. In case of reduced mobility participants, please notify in advance in order to take the previsions for the case. Participants with food allergies or intolerances, please consult us before making your reservation. Your health is our priority. <\/p>\n\n\n\n<p>Our services have vegetarian and nonalcoholic versions, the service must be\nrequested at the moment you make the reservation and at least 24 hours in\nadvance to the beginning of the tour. <\/p>\n\n\n\n<p><strong>Weather and Force Majeure<\/strong><strong> <\/strong><\/p>\n\n\n\n<p>In the rare case of severe bad weather or extraordinary circumstances\nbeyond the control of the parties, as a strikes, riots or roadblocks, the tour\nwill be rescheduled to an alternative date or time. <\/p>\n","protected":false},"excerpt":{"rendered":"<p>TERMS &amp; CONDITIONS Reservations Reservations are available through our website, email (contacto@romagatronomica.com), phone or WhatsApp number (+39 344 250 2398). Payment can be made a few minutes before starting the tour, Paypal or bank transfer. In order to confirm the booking through our website, you will be required to make a 20% down payment. Cancellation Policy We offer a full &#8230;<\/p>\n","protected":false},"author":11,"featured_media":0,"parent":0,"menu_order":0,"comment_status":"closed","ping_status":"closed","template":"","meta":{"footnotes":""},"class_list":["post-6774","page","type-page","status-publish","hentry","no-post-thumbnail"],"yoast_head":"<!-- This site is optimized with the Yoast SEO plugin v25.2 - https:\/\/yoast.com\/wordpress\/plugins\/seo\/ -->\n<title>Legal Information &#8211; Roma Gastron\u00f3mica<\/title>\n<meta name=\"robots\" content=\"index, follow, max-snippet:-1, max-image-preview:large, max-video-preview:-1\" \/>\n<link rel=\"canonical\" href=\"https:\/\/romagastronomica.com\/en\/legal-information\/\" \/>\n<meta property=\"og:locale\" content=\"en_US\" \/>\n<meta property=\"og:type\" content=\"article\" \/>\n<meta property=\"og:title\" content=\"Legal Information &#8211; Roma Gastron\u00f3mica\" \/>\n<meta property=\"og:description\" content=\"TERMS &amp; CONDITIONS Reservations Reservations are available through our website, email (contacto@romagatronomica.com), phone or WhatsApp number (+39 344 250 2398). Payment can be made a few minutes before starting the tour, Paypal or bank transfer. In order to confirm the booking through our website, you will be required to make a 20% down payment. Cancellation Policy We offer a full ...\" \/>\n<meta property=\"og:url\" content=\"https:\/\/romagastronomica.com\/en\/legal-information\/\" \/>\n<meta property=\"og:site_name\" content=\"Roma Gastron\u00f3mica\" \/>\n<meta property=\"article:publisher\" content=\"https:\/\/www.facebook.com\/roma.gastronomica\" \/>\n<meta property=\"article:modified_time\" content=\"2020-06-16T13:55:43+00:00\" \/>\n<meta property=\"og:image\" content=\"https:\/\/romagastronomica.com\/wp-content\/uploads\/2017\/03\/Roma-Gastronomica-foro-romano.jpeg\" \/>\n\t<meta property=\"og:image:width\" content=\"1600\" \/>\n\t<meta property=\"og:image:height\" content=\"1200\" \/>\n\t<meta property=\"og:image:type\" content=\"image\/jpeg\" \/>\n<meta name=\"twitter:card\" content=\"summary_large_image\" \/>\n<meta name=\"twitter:site\" content=\"@romagastronomik\" \/>\n<meta name=\"twitter:label1\" content=\"Est. reading time\" \/>\n\t<meta name=\"twitter:data1\" content=\"1 minute\" \/>\n<script type=\"application\/ld+json\" class=\"yoast-schema-graph\">{\"@context\":\"https:\/\/schema.org\",\"@graph\":[{\"@type\":\"WebPage\",\"@id\":\"https:\/\/romagastronomica.com\/en\/legal-information\/\",\"url\":\"https:\/\/romagastronomica.com\/en\/legal-information\/\",\"name\":\"Legal Information &#8211; Roma Gastron\u00f3mica\",\"isPartOf\":{\"@id\":\"https:\/\/romagastronomica.com\/en\/#website\"},\"datePublished\":\"2019-11-24T16:58:43+00:00\",\"dateModified\":\"2020-06-16T13:55:43+00:00\",\"breadcrumb\":{\"@id\":\"https:\/\/romagastronomica.com\/en\/legal-information\/#breadcrumb\"},\"inLanguage\":\"en-US\",\"potentialAction\":[{\"@type\":\"ReadAction\",\"target\":[\"https:\/\/romagastronomica.com\/en\/legal-information\/\"]}]},{\"@type\":\"BreadcrumbList\",\"@id\":\"https:\/\/romagastronomica.com\/en\/legal-information\/#breadcrumb\",\"itemListElement\":[{\"@type\":\"ListItem\",\"position\":1,\"name\":\"Portada\",\"item\":\"https:\/\/romagastronomica.com\/en\/food-in-italy\/\"},{\"@type\":\"ListItem\",\"position\":2,\"name\":\"Legal Information\"}]},{\"@type\":\"WebSite\",\"@id\":\"https:\/\/romagastronomica.com\/en\/#website\",\"url\":\"https:\/\/romagastronomica.com\/en\/\",\"name\":\"Roma Gastron\u00f3mica\",\"description\":\"Bienvenido a Roma Gastron\u00f3mica, especialistas en tours gastron\u00f3micos y experiencias gourmet en Roma.\",\"potentialAction\":[{\"@type\":\"SearchAction\",\"target\":{\"@type\":\"EntryPoint\",\"urlTemplate\":\"https:\/\/romagastronomica.com\/en\/?s={search_term_string}\"},\"query-input\":{\"@type\":\"PropertyValueSpecification\",\"valueRequired\":true,\"valueName\":\"search_term_string\"}}],\"inLanguage\":\"en-US\"}]}<\/script>\n<!-- \/ Yoast SEO plugin. -->","yoast_head_json":{"title":"Legal Information &#8211; Roma Gastron\u00f3mica","robots":{"index":"index","follow":"follow","max-snippet":"max-snippet:-1","max-image-preview":"max-image-preview:large","max-video-preview":"max-video-preview:-1"},"canonical":"https:\/\/romagastronomica.com\/en\/legal-information\/","og_locale":"en_US","og_type":"article","og_title":"Legal Information &#8211; Roma Gastron\u00f3mica","og_description":"TERMS &amp; CONDITIONS Reservations Reservations are available through our website, email (contacto@romagatronomica.com), phone or WhatsApp number (+39 344 250 2398). Payment can be made a few minutes before starting the tour, Paypal or bank transfer. In order to confirm the booking through our website, you will be required to make a 20% down payment. Cancellation Policy We offer a full ...","og_url":"https:\/\/romagastronomica.com\/en\/legal-information\/","og_site_name":"Roma Gastron\u00f3mica","article_publisher":"https:\/\/www.facebook.com\/roma.gastronomica","article_modified_time":"2020-06-16T13:55:43+00:00","og_image":[{"width":1600,"height":1200,"url":"https:\/\/romagastronomica.com\/wp-content\/uploads\/2017\/03\/Roma-Gastronomica-foro-romano.jpeg","type":"image\/jpeg"}],"twitter_card":"summary_large_image","twitter_site":"@romagastronomik","twitter_misc":{"Est. reading time":"1 minute"},"schema":{"@context":"https:\/\/schema.org","@graph":[{"@type":"WebPage","@id":"https:\/\/romagastronomica.com\/en\/legal-information\/","url":"https:\/\/romagastronomica.com\/en\/legal-information\/","name":"Legal Information &#8211; Roma Gastron\u00f3mica","isPartOf":{"@id":"https:\/\/romagastronomica.com\/en\/#website"},"datePublished":"2019-11-24T16:58:43+00:00","dateModified":"2020-06-16T13:55:43+00:00","breadcrumb":{"@id":"https:\/\/romagastronomica.com\/en\/legal-information\/#breadcrumb"},"inLanguage":"en-US","potentialAction":[{"@type":"ReadAction","target":["https:\/\/romagastronomica.com\/en\/legal-information\/"]}]},{"@type":"BreadcrumbList","@id":"https:\/\/romagastronomica.com\/en\/legal-information\/#breadcrumb","itemListElement":[{"@type":"ListItem","position":1,"name":"Portada","item":"https:\/\/romagastronomica.com\/en\/food-in-italy\/"},{"@type":"ListItem","position":2,"name":"Legal Information"}]},{"@type":"WebSite","@id":"https:\/\/romagastronomica.com\/en\/#website","url":"https:\/\/romagastronomica.com\/en\/","name":"Roma Gastron\u00f3mica","description":"Bienvenido a Roma Gastron\u00f3mica, especialistas en tours gastron\u00f3micos y experiencias gourmet en Roma.","potentialAction":[{"@type":"SearchAction","target":{"@type":"EntryPoint","urlTemplate":"https:\/\/romagastronomica.com\/en\/?s={search_term_string}"},"query-input":{"@type":"PropertyValueSpecification","valueRequired":true,"valueName":"search_term_string"}}],"inLanguage":"en-US"}]}},"amp_enabled":true,"_links":{"self":[{"href":"https:\/\/romagastronomica.com\/en\/wp-json\/wp\/v2\/pages\/6774","targetHints":{"allow":["GET"]}}],"collection":[{"href":"https:\/\/romagastronomica.com\/en\/wp-json\/wp\/v2\/pages"}],"about":[{"href":"https:\/\/romagastronomica.com\/en\/wp-json\/wp\/v2\/types\/page"}],"author":[{"embeddable":true,"href":"https:\/\/romagastronomica.com\/en\/wp-json\/wp\/v2\/users\/11"}],"replies":[{"embeddable":true,"href":"https:\/\/romagastronomica.com\/en\/wp-json\/wp\/v2\/comments?post=6774"}],"version-history":[{"count":4,"href":"https:\/\/romagastronomica.com\/en\/wp-json\/wp\/v2\/pages\/6774\/revisions"}],"predecessor-version":[{"id":7386,"href":"https:\/\/romagastronomica.com\/en\/wp-json\/wp\/v2\/pages\/6774\/revisions\/7386"}],"wp:attachment":[{"href":"https:\/\/romagastronomica.com\/en\/wp-json\/wp\/v2\/media?parent=6774"}],"curies":[{"name":"wp","href":"https:\/\/api.w.org\/{rel}","templated":true}]}}