{"id":6414,"date":"2019-09-24T11:19:48","date_gmt":"2019-09-24T09:19:48","guid":{"rendered":"https:\/\/romagastronomica.com\/tour-gastronomico-roma\/"},"modified":"2023-03-18T03:37:01","modified_gmt":"2023-03-18T02:37:01","slug":"gastronomic-tours-rome","status":"publish","type":"page","link":"https:\/\/romagastronomica.com\/en\/gastronomic-tours-rome\/","title":{"rendered":"Private Tours Rome"},"content":{"rendered":"<div id=\"cs-content\" class=\"cs-content\"><\/div>\n","protected":false},"excerpt":{"rendered":"<p>Private tour in Rome Officially certified tour guides take you to discover the most authentic side of the Eternal City. An original and fun way to discover and taste Rome Imagine a feast of flavors as you walk through the center of Rome. Enjoy this original itinerant lunch or dinner that brings you to eat deliciously as you discover emblematic &#8230;<\/p>\n","protected":false},"author":11,"featured_media":0,"parent":0,"menu_order":0,"comment_status":"closed","ping_status":"closed","template":"template-layout-content-sidebar.php","meta":{"footnotes":""},"class_list":["post-6414","page","type-page","status-publish","hentry","no-post-thumbnail"],"yoast_head":"<!-- This site is optimized with the Yoast SEO plugin v25.2 - https:\/\/yoast.com\/wordpress\/plugins\/seo\/ -->\n<title>Private Tours Rome &#8211; Roma Gastron\u00f3mica<\/title>\n<meta name=\"robots\" content=\"index, follow, max-snippet:-1, max-image-preview:large, max-video-preview:-1\" \/>\n<link rel=\"canonical\" href=\"https:\/\/romagastronomica.com\/en\/gastronomic-tours-rome\/\" \/>\n<meta property=\"og:locale\" content=\"en_US\" \/>\n<meta property=\"og:type\" content=\"article\" \/>\n<meta property=\"og:title\" content=\"Private Tours Rome &#8211; Roma Gastron\u00f3mica\" \/>\n<meta property=\"og:description\" content=\"Private tour in Rome Officially certified tour guides take you to discover the most authentic side of the Eternal City. An original and fun way to discover and taste Rome Imagine a feast of flavors as you walk through the center of Rome. Enjoy this original itinerant lunch or dinner that brings you to eat deliciously as you discover emblematic ...\" \/>\n<meta property=\"og:url\" content=\"https:\/\/romagastronomica.com\/en\/gastronomic-tours-rome\/\" \/>\n<meta property=\"og:site_name\" content=\"Roma Gastron\u00f3mica\" \/>\n<meta property=\"article:publisher\" content=\"https:\/\/www.facebook.com\/roma.gastronomica\" \/>\n<meta property=\"article:modified_time\" content=\"2023-03-18T02:37:01+00:00\" \/>\n<meta property=\"og:image\" content=\"https:\/\/romagastronomica.com\/wp-content\/uploads\/2019\/09\/RG-Slide1.jpg\" \/>\n<meta name=\"twitter:card\" content=\"summary_large_image\" \/>\n<meta name=\"twitter:site\" content=\"@romagastronomik\" \/>\n<meta name=\"twitter:label1\" content=\"Est. reading time\" \/>\n\t<meta name=\"twitter:data1\" content=\"11 minutes\" \/>\n<script type=\"application\/ld+json\" class=\"yoast-schema-graph\">{\"@context\":\"https:\/\/schema.org\",\"@graph\":[{\"@type\":\"WebPage\",\"@id\":\"https:\/\/romagastronomica.com\/en\/gastronomic-tours-rome\/\",\"url\":\"https:\/\/romagastronomica.com\/en\/gastronomic-tours-rome\/\",\"name\":\"Private Tours Rome &#8211; Roma Gastron\u00f3mica\",\"isPartOf\":{\"@id\":\"https:\/\/romagastronomica.com\/en\/#website\"},\"primaryImageOfPage\":{\"@id\":\"https:\/\/romagastronomica.com\/en\/gastronomic-tours-rome\/#primaryimage\"},\"image\":{\"@id\":\"https:\/\/romagastronomica.com\/en\/gastronomic-tours-rome\/#primaryimage\"},\"thumbnailUrl\":\"https:\/\/romagastronomica.com\/wp-content\/uploads\/2019\/09\/RG-Slide1.jpg\",\"datePublished\":\"2019-09-24T09:19:48+00:00\",\"dateModified\":\"2023-03-18T02:37:01+00:00\",\"breadcrumb\":{\"@id\":\"https:\/\/romagastronomica.com\/en\/gastronomic-tours-rome\/#breadcrumb\"},\"inLanguage\":\"en-US\",\"potentialAction\":[{\"@type\":\"ReadAction\",\"target\":[\"https:\/\/romagastronomica.com\/en\/gastronomic-tours-rome\/\"]}]},{\"@type\":\"ImageObject\",\"inLanguage\":\"en-US\",\"@id\":\"https:\/\/romagastronomica.com\/en\/gastronomic-tours-rome\/#primaryimage\",\"url\":\"https:\/\/romagastronomica.com\/wp-content\/uploads\/2019\/09\/RG-Slide1.jpg\",\"contentUrl\":\"https:\/\/romagastronomica.com\/wp-content\/uploads\/2019\/09\/RG-Slide1.jpg\"},{\"@type\":\"BreadcrumbList\",\"@id\":\"https:\/\/romagastronomica.com\/en\/gastronomic-tours-rome\/#breadcrumb\",\"itemListElement\":[{\"@type\":\"ListItem\",\"position\":1,\"name\":\"Portada\",\"item\":\"https:\/\/romagastronomica.com\/en\/food-in-italy\/\"},{\"@type\":\"ListItem\",\"position\":2,\"name\":\"Private Tours Rome\"}]},{\"@type\":\"WebSite\",\"@id\":\"https:\/\/romagastronomica.com\/en\/#website\",\"url\":\"https:\/\/romagastronomica.com\/en\/\",\"name\":\"Roma Gastron\u00f3mica\",\"description\":\"Bienvenido a Roma Gastron\u00f3mica, especialistas en tours gastron\u00f3micos y experiencias gourmet en Roma.\",\"potentialAction\":[{\"@type\":\"SearchAction\",\"target\":{\"@type\":\"EntryPoint\",\"urlTemplate\":\"https:\/\/romagastronomica.com\/en\/?s={search_term_string}\"},\"query-input\":{\"@type\":\"PropertyValueSpecification\",\"valueRequired\":true,\"valueName\":\"search_term_string\"}}],\"inLanguage\":\"en-US\"}]}<\/script>\n<!-- \/ Yoast SEO plugin. -->","yoast_head_json":{"title":"Private Tours Rome &#8211; Roma Gastron\u00f3mica","robots":{"index":"index","follow":"follow","max-snippet":"max-snippet:-1","max-image-preview":"max-image-preview:large","max-video-preview":"max-video-preview:-1"},"canonical":"https:\/\/romagastronomica.com\/en\/gastronomic-tours-rome\/","og_locale":"en_US","og_type":"article","og_title":"Private Tours Rome &#8211; Roma Gastron\u00f3mica","og_description":"Private tour in Rome Officially certified tour guides take you to discover the most authentic side of the Eternal City. An original and fun way to discover and taste Rome Imagine a feast of flavors as you walk through the center of Rome. Enjoy this original itinerant lunch or dinner that brings you to eat deliciously as you discover emblematic ...","og_url":"https:\/\/romagastronomica.com\/en\/gastronomic-tours-rome\/","og_site_name":"Roma Gastron\u00f3mica","article_publisher":"https:\/\/www.facebook.com\/roma.gastronomica","article_modified_time":"2023-03-18T02:37:01+00:00","og_image":[{"url":"https:\/\/romagastronomica.com\/wp-content\/uploads\/2019\/09\/RG-Slide1.jpg","type":"","width":"","height":""}],"twitter_card":"summary_large_image","twitter_site":"@romagastronomik","twitter_misc":{"Est. reading time":"11 minutes"},"schema":{"@context":"https:\/\/schema.org","@graph":[{"@type":"WebPage","@id":"https:\/\/romagastronomica.com\/en\/gastronomic-tours-rome\/","url":"https:\/\/romagastronomica.com\/en\/gastronomic-tours-rome\/","name":"Private Tours Rome &#8211; Roma Gastron\u00f3mica","isPartOf":{"@id":"https:\/\/romagastronomica.com\/en\/#website"},"primaryImageOfPage":{"@id":"https:\/\/romagastronomica.com\/en\/gastronomic-tours-rome\/#primaryimage"},"image":{"@id":"https:\/\/romagastronomica.com\/en\/gastronomic-tours-rome\/#primaryimage"},"thumbnailUrl":"https:\/\/romagastronomica.com\/wp-content\/uploads\/2019\/09\/RG-Slide1.jpg","datePublished":"2019-09-24T09:19:48+00:00","dateModified":"2023-03-18T02:37:01+00:00","breadcrumb":{"@id":"https:\/\/romagastronomica.com\/en\/gastronomic-tours-rome\/#breadcrumb"},"inLanguage":"en-US","potentialAction":[{"@type":"ReadAction","target":["https:\/\/romagastronomica.com\/en\/gastronomic-tours-rome\/"]}]},{"@type":"ImageObject","inLanguage":"en-US","@id":"https:\/\/romagastronomica.com\/en\/gastronomic-tours-rome\/#primaryimage","url":"https:\/\/romagastronomica.com\/wp-content\/uploads\/2019\/09\/RG-Slide1.jpg","contentUrl":"https:\/\/romagastronomica.com\/wp-content\/uploads\/2019\/09\/RG-Slide1.jpg"},{"@type":"BreadcrumbList","@id":"https:\/\/romagastronomica.com\/en\/gastronomic-tours-rome\/#breadcrumb","itemListElement":[{"@type":"ListItem","position":1,"name":"Portada","item":"https:\/\/romagastronomica.com\/en\/food-in-italy\/"},{"@type":"ListItem","position":2,"name":"Private Tours Rome"}]},{"@type":"WebSite","@id":"https:\/\/romagastronomica.com\/en\/#website","url":"https:\/\/romagastronomica.com\/en\/","name":"Roma Gastron\u00f3mica","description":"Bienvenido a Roma Gastron\u00f3mica, especialistas en tours gastron\u00f3micos y experiencias gourmet en Roma.","potentialAction":[{"@type":"SearchAction","target":{"@type":"EntryPoint","urlTemplate":"https:\/\/romagastronomica.com\/en\/?s={search_term_string}"},"query-input":{"@type":"PropertyValueSpecification","valueRequired":true,"valueName":"search_term_string"}}],"inLanguage":"en-US"}]}},"amp_enabled":true,"_links":{"self":[{"href":"https:\/\/romagastronomica.com\/en\/wp-json\/wp\/v2\/pages\/6414","targetHints":{"allow":["GET"]}}],"collection":[{"href":"https:\/\/romagastronomica.com\/en\/wp-json\/wp\/v2\/pages"}],"about":[{"href":"https:\/\/romagastronomica.com\/en\/wp-json\/wp\/v2\/types\/page"}],"author":[{"embeddable":true,"href":"https:\/\/romagastronomica.com\/en\/wp-json\/wp\/v2\/users\/11"}],"replies":[{"embeddable":true,"href":"https:\/\/romagastronomica.com\/en\/wp-json\/wp\/v2\/comments?post=6414"}],"version-history":[{"count":94,"href":"https:\/\/romagastronomica.com\/en\/wp-json\/wp\/v2\/pages\/6414\/revisions"}],"predecessor-version":[{"id":11769,"href":"https:\/\/romagastronomica.com\/en\/wp-json\/wp\/v2\/pages\/6414\/revisions\/11769"}],"wp:attachment":[{"href":"https:\/\/romagastronomica.com\/en\/wp-json\/wp\/v2\/media?parent=6414"}],"curies":[{"name":"wp","href":"https:\/\/api.w.org\/{rel}","templated":true}]}}