{"id":6051,"date":"2019-05-19T16:57:01","date_gmt":"2019-05-19T14:57:01","guid":{"rendered":"https:\/\/romagastronomica.com\/?page_id=6051"},"modified":"2019-10-28T14:40:38","modified_gmt":"2019-10-28T13:40:38","slug":"viajes-gastronomicos","status":"publish","type":"page","link":"https:\/\/romagastronomica.com\/en\/viajes-gastronomicos\/","title":{"rendered":"Food Trips"},"content":{"rendered":"<div id=\"cs-content\" class=\"cs-content\"><\/div>\n","protected":false},"excerpt":{"rendered":"<p>Food Trips in ItalyCampania View More Pizza, mozzarella and limoncello. The flavors of this land have filled with Italy tables all over the world and now we&rsquo;re taking you to their birthplace. Who hasn&rsquo;t dreamed about Naples, Positano, Pompeii or Capri? Get ready to visit them all in a journey full of gastronomic experiences where you are the star. Get &#8230;<\/p>\n","protected":false},"author":9,"featured_media":0,"parent":0,"menu_order":0,"comment_status":"closed","ping_status":"closed","template":"template-blank-4.php","meta":{"footnotes":""},"class_list":["post-6051","page","type-page","status-publish","hentry","no-post-thumbnail"],"yoast_head":"<!-- This site is optimized with the Yoast SEO plugin v25.2 - https:\/\/yoast.com\/wordpress\/plugins\/seo\/ -->\n<title>Food Trips &#8211; Roma Gastron\u00f3mica<\/title>\n<meta name=\"robots\" content=\"index, follow, max-snippet:-1, max-image-preview:large, max-video-preview:-1\" \/>\n<link rel=\"canonical\" href=\"https:\/\/romagastronomica.com\/en\/viajes-gastronomicos\/\" \/>\n<meta property=\"og:locale\" content=\"en_US\" \/>\n<meta property=\"og:type\" content=\"article\" \/>\n<meta property=\"og:title\" content=\"Food Trips &#8211; Roma Gastron\u00f3mica\" \/>\n<meta property=\"og:description\" content=\"Food Trips in ItalyCampania View More Pizza, mozzarella and limoncello. The flavors of this land have filled with Italy tables all over the world and now we&rsquo;re taking you to their birthplace. Who hasn&rsquo;t dreamed about Naples, Positano, Pompeii or Capri? Get ready to visit them all in a journey full of gastronomic experiences where you are the star. Get ...\" \/>\n<meta property=\"og:url\" content=\"https:\/\/romagastronomica.com\/en\/viajes-gastronomicos\/\" \/>\n<meta property=\"og:site_name\" content=\"Roma Gastron\u00f3mica\" \/>\n<meta property=\"article:publisher\" content=\"https:\/\/www.facebook.com\/roma.gastronomica\" \/>\n<meta property=\"article:modified_time\" content=\"2019-10-28T13:40:38+00:00\" \/>\n<meta property=\"og:image\" content=\"https:\/\/romagastronomica.com\/wp-content\/uploads\/2017\/03\/Roma-Gastronomica-foro-romano.jpeg\" \/>\n\t<meta property=\"og:image:width\" content=\"1600\" \/>\n\t<meta property=\"og:image:height\" content=\"1200\" \/>\n\t<meta property=\"og:image:type\" content=\"image\/jpeg\" \/>\n<meta name=\"twitter:card\" content=\"summary_large_image\" \/>\n<meta name=\"twitter:site\" content=\"@romagastronomik\" \/>\n<meta name=\"twitter:label1\" content=\"Est. reading time\" \/>\n\t<meta name=\"twitter:data1\" content=\"1 minute\" \/>\n<script type=\"application\/ld+json\" class=\"yoast-schema-graph\">{\"@context\":\"https:\/\/schema.org\",\"@graph\":[{\"@type\":\"WebPage\",\"@id\":\"https:\/\/romagastronomica.com\/en\/viajes-gastronomicos\/\",\"url\":\"https:\/\/romagastronomica.com\/en\/viajes-gastronomicos\/\",\"name\":\"Food Trips &#8211; Roma Gastron\u00f3mica\",\"isPartOf\":{\"@id\":\"https:\/\/romagastronomica.com\/en\/#website\"},\"datePublished\":\"2019-05-19T14:57:01+00:00\",\"dateModified\":\"2019-10-28T13:40:38+00:00\",\"breadcrumb\":{\"@id\":\"https:\/\/romagastronomica.com\/en\/viajes-gastronomicos\/#breadcrumb\"},\"inLanguage\":\"en-US\",\"potentialAction\":[{\"@type\":\"ReadAction\",\"target\":[\"https:\/\/romagastronomica.com\/en\/viajes-gastronomicos\/\"]}]},{\"@type\":\"BreadcrumbList\",\"@id\":\"https:\/\/romagastronomica.com\/en\/viajes-gastronomicos\/#breadcrumb\",\"itemListElement\":[{\"@type\":\"ListItem\",\"position\":1,\"name\":\"Portada\",\"item\":\"https:\/\/romagastronomica.com\/en\/food-in-italy\/\"},{\"@type\":\"ListItem\",\"position\":2,\"name\":\"Food Trips\"}]},{\"@type\":\"WebSite\",\"@id\":\"https:\/\/romagastronomica.com\/en\/#website\",\"url\":\"https:\/\/romagastronomica.com\/en\/\",\"name\":\"Roma Gastron\u00f3mica\",\"description\":\"Bienvenido a Roma Gastron\u00f3mica, especialistas en tours gastron\u00f3micos y experiencias gourmet en Roma.\",\"potentialAction\":[{\"@type\":\"SearchAction\",\"target\":{\"@type\":\"EntryPoint\",\"urlTemplate\":\"https:\/\/romagastronomica.com\/en\/?s={search_term_string}\"},\"query-input\":{\"@type\":\"PropertyValueSpecification\",\"valueRequired\":true,\"valueName\":\"search_term_string\"}}],\"inLanguage\":\"en-US\"}]}<\/script>\n<!-- \/ Yoast SEO plugin. -->","yoast_head_json":{"title":"Food Trips &#8211; Roma Gastron\u00f3mica","robots":{"index":"index","follow":"follow","max-snippet":"max-snippet:-1","max-image-preview":"max-image-preview:large","max-video-preview":"max-video-preview:-1"},"canonical":"https:\/\/romagastronomica.com\/en\/viajes-gastronomicos\/","og_locale":"en_US","og_type":"article","og_title":"Food Trips &#8211; Roma Gastron\u00f3mica","og_description":"Food Trips in ItalyCampania View More Pizza, mozzarella and limoncello. The flavors of this land have filled with Italy tables all over the world and now we&rsquo;re taking you to their birthplace. Who hasn&rsquo;t dreamed about Naples, Positano, Pompeii or Capri? Get ready to visit them all in a journey full of gastronomic experiences where you are the star. Get ...","og_url":"https:\/\/romagastronomica.com\/en\/viajes-gastronomicos\/","og_site_name":"Roma Gastron\u00f3mica","article_publisher":"https:\/\/www.facebook.com\/roma.gastronomica","article_modified_time":"2019-10-28T13:40:38+00:00","og_image":[{"width":1600,"height":1200,"url":"https:\/\/romagastronomica.com\/wp-content\/uploads\/2017\/03\/Roma-Gastronomica-foro-romano.jpeg","type":"image\/jpeg"}],"twitter_card":"summary_large_image","twitter_site":"@romagastronomik","twitter_misc":{"Est. reading time":"1 minute"},"schema":{"@context":"https:\/\/schema.org","@graph":[{"@type":"WebPage","@id":"https:\/\/romagastronomica.com\/en\/viajes-gastronomicos\/","url":"https:\/\/romagastronomica.com\/en\/viajes-gastronomicos\/","name":"Food Trips &#8211; Roma Gastron\u00f3mica","isPartOf":{"@id":"https:\/\/romagastronomica.com\/en\/#website"},"datePublished":"2019-05-19T14:57:01+00:00","dateModified":"2019-10-28T13:40:38+00:00","breadcrumb":{"@id":"https:\/\/romagastronomica.com\/en\/viajes-gastronomicos\/#breadcrumb"},"inLanguage":"en-US","potentialAction":[{"@type":"ReadAction","target":["https:\/\/romagastronomica.com\/en\/viajes-gastronomicos\/"]}]},{"@type":"BreadcrumbList","@id":"https:\/\/romagastronomica.com\/en\/viajes-gastronomicos\/#breadcrumb","itemListElement":[{"@type":"ListItem","position":1,"name":"Portada","item":"https:\/\/romagastronomica.com\/en\/food-in-italy\/"},{"@type":"ListItem","position":2,"name":"Food Trips"}]},{"@type":"WebSite","@id":"https:\/\/romagastronomica.com\/en\/#website","url":"https:\/\/romagastronomica.com\/en\/","name":"Roma Gastron\u00f3mica","description":"Bienvenido a Roma Gastron\u00f3mica, especialistas en tours gastron\u00f3micos y experiencias gourmet en Roma.","potentialAction":[{"@type":"SearchAction","target":{"@type":"EntryPoint","urlTemplate":"https:\/\/romagastronomica.com\/en\/?s={search_term_string}"},"query-input":{"@type":"PropertyValueSpecification","valueRequired":true,"valueName":"search_term_string"}}],"inLanguage":"en-US"}]}},"amp_enabled":true,"_links":{"self":[{"href":"https:\/\/romagastronomica.com\/en\/wp-json\/wp\/v2\/pages\/6051","targetHints":{"allow":["GET"]}}],"collection":[{"href":"https:\/\/romagastronomica.com\/en\/wp-json\/wp\/v2\/pages"}],"about":[{"href":"https:\/\/romagastronomica.com\/en\/wp-json\/wp\/v2\/types\/page"}],"author":[{"embeddable":true,"href":"https:\/\/romagastronomica.com\/en\/wp-json\/wp\/v2\/users\/9"}],"replies":[{"embeddable":true,"href":"https:\/\/romagastronomica.com\/en\/wp-json\/wp\/v2\/comments?post=6051"}],"version-history":[{"count":4,"href":"https:\/\/romagastronomica.com\/en\/wp-json\/wp\/v2\/pages\/6051\/revisions"}],"predecessor-version":[{"id":6448,"href":"https:\/\/romagastronomica.com\/en\/wp-json\/wp\/v2\/pages\/6051\/revisions\/6448"}],"wp:attachment":[{"href":"https:\/\/romagastronomica.com\/en\/wp-json\/wp\/v2\/media?parent=6051"}],"curies":[{"name":"wp","href":"https:\/\/api.w.org\/{rel}","templated":true}]}}