{"id":5769,"date":"2018-10-09T17:14:53","date_gmt":"2018-10-09T15:14:53","guid":{"rendered":"https:\/\/rg2.dwarvenguild.com\/contact-us\/"},"modified":"2019-02-20T19:37:29","modified_gmt":"2019-02-20T18:37:29","slug":"contact-us","status":"publish","type":"page","link":"https:\/\/romagastronomica.com\/en\/contact-us\/","title":{"rendered":"Contact Us"},"content":{"rendered":"<div id=\"cs-content\" class=\"cs-content\"><\/div>\n","protected":false},"excerpt":{"rendered":"<p>Contact us For more information, quotes and contracting services, please contact us. Full Name Email Phone Country Services required: City Sightseeing Food Tour RomeColisseumVaticanPiazze &amp; FontaneThe BorgiasVineyards &amp; Wineries RomePrivate Food Tour ItalyExperience Date Participants Send us your request and we&#8217;ll send you a quotation E-mail:\u00a0 contacto@romagastronomica.com Adress:\u00a0Via Crescenzio, 58. 00193. Roma. Phone Number:\u00a0(+39) 344 250 2398\u00a0 Work Schedules:\u00a0From monday &#8230;<\/p>\n","protected":false},"author":3,"featured_media":0,"parent":0,"menu_order":0,"comment_status":"closed","ping_status":"closed","template":"template-blank-4.php","meta":{"footnotes":""},"class_list":["post-5769","page","type-page","status-publish","hentry","x-portfolio-bf633bb8d0c12d888cc3a863415b890d","no-post-thumbnail"],"yoast_head":"<!-- This site is optimized with the Yoast SEO plugin v25.2 - https:\/\/yoast.com\/wordpress\/plugins\/seo\/ -->\n<title>Contact Us &#8211; Roma Gastron\u00f3mica<\/title>\n<meta name=\"robots\" content=\"index, follow, max-snippet:-1, max-image-preview:large, max-video-preview:-1\" \/>\n<link rel=\"canonical\" href=\"https:\/\/romagastronomica.com\/en\/contact-us\/\" \/>\n<meta property=\"og:locale\" content=\"en_US\" \/>\n<meta property=\"og:type\" content=\"article\" \/>\n<meta property=\"og:title\" content=\"Contact Us &#8211; Roma Gastron\u00f3mica\" \/>\n<meta property=\"og:description\" content=\"Contact us For more information, quotes and contracting services, please contact us. Full Name Email Phone Country Services required: City Sightseeing Food Tour RomeColisseumVaticanPiazze &amp; FontaneThe BorgiasVineyards &amp; Wineries RomePrivate Food Tour ItalyExperience Date Participants Send us your request and we&#039;ll send you a quotation E-mail:\u00a0 contacto@romagastronomica.com Adress:\u00a0Via Crescenzio, 58. 00193. Roma. Phone Number:\u00a0(+39) 344 250 2398\u00a0 Work Schedules:\u00a0From monday ...\" \/>\n<meta property=\"og:url\" content=\"https:\/\/romagastronomica.com\/en\/contact-us\/\" \/>\n<meta property=\"og:site_name\" content=\"Roma Gastron\u00f3mica\" \/>\n<meta property=\"article:publisher\" content=\"https:\/\/www.facebook.com\/roma.gastronomica\" \/>\n<meta property=\"article:modified_time\" content=\"2019-02-20T18:37:29+00:00\" \/>\n<meta property=\"og:image\" content=\"https:\/\/romagastronomica.com\/wp-content\/uploads\/2017\/03\/Roma-Gastronomica-foro-romano.jpeg\" \/>\n\t<meta property=\"og:image:width\" content=\"1600\" \/>\n\t<meta property=\"og:image:height\" content=\"1200\" \/>\n\t<meta property=\"og:image:type\" content=\"image\/jpeg\" \/>\n<meta name=\"twitter:card\" content=\"summary_large_image\" \/>\n<meta name=\"twitter:site\" content=\"@romagastronomik\" \/>\n<script type=\"application\/ld+json\" class=\"yoast-schema-graph\">{\"@context\":\"https:\/\/schema.org\",\"@graph\":[{\"@type\":\"WebPage\",\"@id\":\"https:\/\/romagastronomica.com\/en\/contact-us\/\",\"url\":\"https:\/\/romagastronomica.com\/en\/contact-us\/\",\"name\":\"Contact Us &#8211; Roma Gastron\u00f3mica\",\"isPartOf\":{\"@id\":\"https:\/\/romagastronomica.com\/en\/#website\"},\"datePublished\":\"2018-10-09T15:14:53+00:00\",\"dateModified\":\"2019-02-20T18:37:29+00:00\",\"breadcrumb\":{\"@id\":\"https:\/\/romagastronomica.com\/en\/contact-us\/#breadcrumb\"},\"inLanguage\":\"en-US\",\"potentialAction\":[{\"@type\":\"ReadAction\",\"target\":[\"https:\/\/romagastronomica.com\/en\/contact-us\/\"]}]},{\"@type\":\"BreadcrumbList\",\"@id\":\"https:\/\/romagastronomica.com\/en\/contact-us\/#breadcrumb\",\"itemListElement\":[{\"@type\":\"ListItem\",\"position\":1,\"name\":\"Portada\",\"item\":\"https:\/\/romagastronomica.com\/en\/food-in-italy\/\"},{\"@type\":\"ListItem\",\"position\":2,\"name\":\"Contact Us\"}]},{\"@type\":\"WebSite\",\"@id\":\"https:\/\/romagastronomica.com\/en\/#website\",\"url\":\"https:\/\/romagastronomica.com\/en\/\",\"name\":\"Roma Gastron\u00f3mica\",\"description\":\"Bienvenido a Roma Gastron\u00f3mica, especialistas en tours gastron\u00f3micos y experiencias gourmet en Roma.\",\"potentialAction\":[{\"@type\":\"SearchAction\",\"target\":{\"@type\":\"EntryPoint\",\"urlTemplate\":\"https:\/\/romagastronomica.com\/en\/?s={search_term_string}\"},\"query-input\":{\"@type\":\"PropertyValueSpecification\",\"valueRequired\":true,\"valueName\":\"search_term_string\"}}],\"inLanguage\":\"en-US\"}]}<\/script>\n<!-- \/ Yoast SEO plugin. -->","yoast_head_json":{"title":"Contact Us &#8211; Roma Gastron\u00f3mica","robots":{"index":"index","follow":"follow","max-snippet":"max-snippet:-1","max-image-preview":"max-image-preview:large","max-video-preview":"max-video-preview:-1"},"canonical":"https:\/\/romagastronomica.com\/en\/contact-us\/","og_locale":"en_US","og_type":"article","og_title":"Contact Us &#8211; Roma Gastron\u00f3mica","og_description":"Contact us For more information, quotes and contracting services, please contact us. Full Name Email Phone Country Services required: City Sightseeing Food Tour RomeColisseumVaticanPiazze &amp; FontaneThe BorgiasVineyards &amp; Wineries RomePrivate Food Tour ItalyExperience Date Participants Send us your request and we'll send you a quotation E-mail:\u00a0 contacto@romagastronomica.com Adress:\u00a0Via Crescenzio, 58. 00193. Roma. Phone Number:\u00a0(+39) 344 250 2398\u00a0 Work Schedules:\u00a0From monday ...","og_url":"https:\/\/romagastronomica.com\/en\/contact-us\/","og_site_name":"Roma Gastron\u00f3mica","article_publisher":"https:\/\/www.facebook.com\/roma.gastronomica","article_modified_time":"2019-02-20T18:37:29+00:00","og_image":[{"width":1600,"height":1200,"url":"https:\/\/romagastronomica.com\/wp-content\/uploads\/2017\/03\/Roma-Gastronomica-foro-romano.jpeg","type":"image\/jpeg"}],"twitter_card":"summary_large_image","twitter_site":"@romagastronomik","schema":{"@context":"https:\/\/schema.org","@graph":[{"@type":"WebPage","@id":"https:\/\/romagastronomica.com\/en\/contact-us\/","url":"https:\/\/romagastronomica.com\/en\/contact-us\/","name":"Contact Us &#8211; Roma Gastron\u00f3mica","isPartOf":{"@id":"https:\/\/romagastronomica.com\/en\/#website"},"datePublished":"2018-10-09T15:14:53+00:00","dateModified":"2019-02-20T18:37:29+00:00","breadcrumb":{"@id":"https:\/\/romagastronomica.com\/en\/contact-us\/#breadcrumb"},"inLanguage":"en-US","potentialAction":[{"@type":"ReadAction","target":["https:\/\/romagastronomica.com\/en\/contact-us\/"]}]},{"@type":"BreadcrumbList","@id":"https:\/\/romagastronomica.com\/en\/contact-us\/#breadcrumb","itemListElement":[{"@type":"ListItem","position":1,"name":"Portada","item":"https:\/\/romagastronomica.com\/en\/food-in-italy\/"},{"@type":"ListItem","position":2,"name":"Contact Us"}]},{"@type":"WebSite","@id":"https:\/\/romagastronomica.com\/en\/#website","url":"https:\/\/romagastronomica.com\/en\/","name":"Roma Gastron\u00f3mica","description":"Bienvenido a Roma Gastron\u00f3mica, especialistas en tours gastron\u00f3micos y experiencias gourmet en Roma.","potentialAction":[{"@type":"SearchAction","target":{"@type":"EntryPoint","urlTemplate":"https:\/\/romagastronomica.com\/en\/?s={search_term_string}"},"query-input":{"@type":"PropertyValueSpecification","valueRequired":true,"valueName":"search_term_string"}}],"inLanguage":"en-US"}]}},"amp_enabled":true,"_links":{"self":[{"href":"https:\/\/romagastronomica.com\/en\/wp-json\/wp\/v2\/pages\/5769","targetHints":{"allow":["GET"]}}],"collection":[{"href":"https:\/\/romagastronomica.com\/en\/wp-json\/wp\/v2\/pages"}],"about":[{"href":"https:\/\/romagastronomica.com\/en\/wp-json\/wp\/v2\/types\/page"}],"author":[{"embeddable":true,"href":"https:\/\/romagastronomica.com\/en\/wp-json\/wp\/v2\/users\/3"}],"replies":[{"embeddable":true,"href":"https:\/\/romagastronomica.com\/en\/wp-json\/wp\/v2\/comments?post=5769"}],"version-history":[{"count":4,"href":"https:\/\/romagastronomica.com\/en\/wp-json\/wp\/v2\/pages\/5769\/revisions"}],"predecessor-version":[{"id":5948,"href":"https:\/\/romagastronomica.com\/en\/wp-json\/wp\/v2\/pages\/5769\/revisions\/5948"}],"wp:attachment":[{"href":"https:\/\/romagastronomica.com\/en\/wp-json\/wp\/v2\/media?parent=5769"}],"curies":[{"name":"wp","href":"https:\/\/api.w.org\/{rel}","templated":true}]}}